{"id":2440,"date":"2018-03-10T19:22:32","date_gmt":"2018-03-10T18:22:32","guid":{"rendered":"https:\/\/pe-art.com\/?page_id=2440"},"modified":"2025-09-22T09:18:44","modified_gmt":"2025-09-22T07:18:44","slug":"grafik-design-fr","status":"publish","type":"page","link":"https:\/\/pe-art.com\/fr\/grafik-design-fr\/","title":{"rendered":"Services"},"content":{"rendered":"\t\t<div data-elementor-type=\"wp-post\" data-elementor-id=\"2440\" class=\"elementor elementor-2440 elementor-978\" data-elementor-post-type=\"page\">\n\t\t\t\t\t\t<section class=\"elementor-section elementor-top-section elementor-element elementor-element-6361531a elementor-section-height-min-height elementor-section-content-middle elementor-section-boxed elementor-section-height-default elementor-section-items-middle elementor-invisible\" data-id=\"6361531a\" data-element_type=\"section\" data-e-type=\"section\" data-settings=\"{&quot;background_background&quot;:&quot;video&quot;,&quot;animation&quot;:&quot;fadeIn&quot;}\">\n\t\t\t\t\t\t\t<div class=\"elementor-background-overlay\"><\/div>\n\t\t\t\t\t\t\t<div class=\"elementor-container elementor-column-gap-default\">\n\t\t\t\t\t<div class=\"elementor-column elementor-col-33 elementor-top-column elementor-element elementor-element-6b8e5726\" data-id=\"6b8e5726\" data-element_type=\"column\" data-e-type=\"column\">\n\t\t\t<div class=\"elementor-widget-wrap\">\n\t\t\t\t\t\t\t<\/div>\n\t\t<\/div>\n\t\t\t\t<div class=\"elementor-column elementor-col-33 elementor-top-column elementor-element elementor-element-75295c73\" data-id=\"75295c73\" data-element_type=\"column\" data-e-type=\"column\" data-settings=\"{&quot;background_background&quot;:&quot;classic&quot;}\">\n\t\t\t<div class=\"elementor-widget-wrap elementor-element-populated\">\n\t\t\t\t\t\t<div class=\"elementor-element elementor-element-5e8b93df elementor-widget elementor-widget-heading\" data-id=\"5e8b93df\" data-element_type=\"widget\" data-e-type=\"widget\" data-widget_type=\"heading.default\">\n\t\t\t\t<div class=\"elementor-widget-container\">\n\t\t\t\t\t<h2 class=\"elementor-heading-title elementor-size-default\">Services<\/h2>\t\t\t\t<\/div>\n\t\t\t\t<\/div>\n\t\t\t\t<div class=\"elementor-element elementor-element-641bb9c2 elementor-widget-divider--view-line elementor-widget elementor-widget-divider\" data-id=\"641bb9c2\" data-element_type=\"widget\" data-e-type=\"widget\" data-widget_type=\"divider.default\">\n\t\t\t\t<div class=\"elementor-widget-container\">\n\t\t\t\t\t\t\t<div class=\"elementor-divider\">\n\t\t\t<span class=\"elementor-divider-separator\">\n\t\t\t\t\t\t<\/span>\n\t\t<\/div>\n\t\t\t\t\t\t<\/div>\n\t\t\t\t<\/div>\n\t\t\t\t<div class=\"elementor-element elementor-element-01ecbdf elementor-widget elementor-widget-heading\" data-id=\"01ecbdf\" data-element_type=\"widget\" data-e-type=\"widget\" data-widget_type=\"heading.default\">\n\t\t\t\t<div class=\"elementor-widget-container\">\n\t\t\t\t\t<h4 class=\"elementor-heading-title elementor-size-default\">Conception graphique<\/h4>\t\t\t\t<\/div>\n\t\t\t\t<\/div>\n\t\t\t\t\t<\/div>\n\t\t<\/div>\n\t\t\t\t<div class=\"elementor-column elementor-col-33 elementor-top-column elementor-element elementor-element-744713f7\" data-id=\"744713f7\" data-element_type=\"column\" data-e-type=\"column\">\n\t\t\t<div class=\"elementor-widget-wrap\">\n\t\t\t\t\t\t\t<\/div>\n\t\t<\/div>\n\t\t\t\t\t<\/div>\n\t\t<\/section>\n\t\t\t\t<section class=\"elementor-section elementor-top-section elementor-element elementor-element-5d32f2b elementor-section-boxed elementor-section-height-default elementor-section-height-default elementor-invisible\" data-id=\"5d32f2b\" data-element_type=\"section\" data-e-type=\"section\" data-settings=\"{&quot;animation&quot;:&quot;fadeInUp&quot;}\">\n\t\t\t\t\t\t<div class=\"elementor-container elementor-column-gap-default\">\n\t\t\t\t\t<div class=\"elementor-column elementor-col-100 elementor-top-column elementor-element elementor-element-deabac9\" data-id=\"deabac9\" data-element_type=\"column\" data-e-type=\"column\">\n\t\t\t<div class=\"elementor-widget-wrap elementor-element-populated\">\n\t\t\t\t\t\t<section class=\"elementor-section elementor-inner-section elementor-element elementor-element-36b5d3f elementor-section-boxed elementor-section-height-default elementor-section-height-default\" data-id=\"36b5d3f\" data-element_type=\"section\" data-e-type=\"section\">\n\t\t\t\t\t\t<div class=\"elementor-container elementor-column-gap-default\">\n\t\t\t\t\t<div class=\"elementor-column elementor-col-33 elementor-inner-column elementor-element elementor-element-0b68806\" data-id=\"0b68806\" data-element_type=\"column\" data-e-type=\"column\" data-settings=\"{&quot;background_background&quot;:&quot;classic&quot;}\">\n\t\t\t<div class=\"elementor-widget-wrap elementor-element-populated\">\n\t\t\t\t\t\t<div class=\"elementor-element elementor-element-d3c1936 elementor-position-top elementor-widget elementor-widget-image-box\" data-id=\"d3c1936\" data-element_type=\"widget\" data-e-type=\"widget\" data-widget_type=\"image-box.default\">\n\t\t\t\t<div class=\"elementor-widget-container\">\n\t\t\t\t\t<div class=\"elementor-image-box-wrapper\"><figure class=\"elementor-image-box-img\"><a href=\"https:\/\/www.pe-art.com\/wp_pe-art_2018\/grafik-design\/corporate-design\/?preview_nonce=f76aec8ad1&#038;preview=true\" tabindex=\"-1\"><img fetchpriority=\"high\" decoding=\"async\" width=\"425\" height=\"425\" src=\"https:\/\/pe-art.com\/wp-content\/uploads\/2018\/03\/Web_pictos_Corporate.png\" class=\"elementor-animation-grow attachment-full size-full wp-image-2018\" alt=\"\" srcset=\"https:\/\/pe-art.com\/wp-content\/uploads\/2018\/03\/Web_pictos_Corporate.png 425w, https:\/\/pe-art.com\/wp-content\/uploads\/2018\/03\/Web_pictos_Corporate-300x300.png 300w, https:\/\/pe-art.com\/wp-content\/uploads\/2018\/03\/Web_pictos_Corporate-100x100.png 100w, https:\/\/pe-art.com\/wp-content\/uploads\/2018\/03\/Web_pictos_Corporate-150x150.png 150w\" sizes=\"(max-width: 425px) 100vw, 425px\" \/><\/a><\/figure><div class=\"elementor-image-box-content\"><h4 class=\"elementor-image-box-title\"><a href=\"https:\/\/www.pe-art.com\/wp_pe-art_2018\/grafik-design\/corporate-design\/?preview_nonce=f76aec8ad1&#038;preview=true\">Corporate Design<\/a><\/h4><p class=\"elementor-image-box-description\">L'impression g\u00e9n\u00e9rale d'une entreprise, que ce soit vers l'ext\u00e9rieur ou vers l'int\u00e9rieur, est influenc\u00e9e par diff\u00e9rents facteurs. Le logo, le choix des couleurs et des images ainsi que les diff\u00e9rents \u00e9l\u00e9ments graphiques qui marquent et expriment la philosophie de l'entreprise.<\/p><\/div><\/div>\t\t\t\t<\/div>\n\t\t\t\t<\/div>\n\t\t\t\t\t<\/div>\n\t\t<\/div>\n\t\t\t\t<div class=\"elementor-column elementor-col-33 elementor-inner-column elementor-element elementor-element-76d433e\" data-id=\"76d433e\" data-element_type=\"column\" data-e-type=\"column\" data-settings=\"{&quot;background_background&quot;:&quot;classic&quot;}\">\n\t\t\t<div class=\"elementor-widget-wrap elementor-element-populated\">\n\t\t\t\t\t\t<div class=\"elementor-element elementor-element-d15531c elementor-position-top elementor-widget elementor-widget-image-box\" data-id=\"d15531c\" data-element_type=\"widget\" data-e-type=\"widget\" data-widget_type=\"image-box.default\">\n\t\t\t\t<div class=\"elementor-widget-container\">\n\t\t\t\t\t<div class=\"elementor-image-box-wrapper\"><figure class=\"elementor-image-box-img\"><a href=\"https:\/\/www.pe-art.com\/wp_pe-art_2018\/grafik-design\/druckmedien\/\" tabindex=\"-1\"><img decoding=\"async\" width=\"425\" height=\"425\" src=\"https:\/\/pe-art.com\/wp-content\/uploads\/2018\/03\/Web_pictos_druckmedien.png\" class=\"elementor-animation-grow attachment-full size-full wp-image-2020\" alt=\"\" srcset=\"https:\/\/pe-art.com\/wp-content\/uploads\/2018\/03\/Web_pictos_druckmedien.png 425w, https:\/\/pe-art.com\/wp-content\/uploads\/2018\/03\/Web_pictos_druckmedien-300x300.png 300w, https:\/\/pe-art.com\/wp-content\/uploads\/2018\/03\/Web_pictos_druckmedien-100x100.png 100w, https:\/\/pe-art.com\/wp-content\/uploads\/2018\/03\/Web_pictos_druckmedien-150x150.png 150w\" sizes=\"(max-width: 425px) 100vw, 425px\" \/><\/a><\/figure><div class=\"elementor-image-box-content\"><h4 class=\"elementor-image-box-title\"><a href=\"https:\/\/www.pe-art.com\/wp_pe-art_2018\/grafik-design\/druckmedien\/\">M\u00e9dias d'impression<\/a><\/h4><p class=\"elementor-image-box-description\">Les sources d'information telles que les cartes de visite, le papier \u00e0 lettres, les enveloppes, les flyers, les prospectus, les brochures, les annonces, les posters ou les affiches, etc. peuvent, avec le bon choix de papier et la bonne technique d'impression, produire l'effet n\u00e9cessaire aupr\u00e8s de l'observateur.\n<\/p><\/div><\/div>\t\t\t\t<\/div>\n\t\t\t\t<\/div>\n\t\t\t\t\t<\/div>\n\t\t<\/div>\n\t\t\t\t<div class=\"elementor-column elementor-col-33 elementor-inner-column elementor-element elementor-element-4d0d97d\" data-id=\"4d0d97d\" data-element_type=\"column\" data-e-type=\"column\" data-settings=\"{&quot;background_background&quot;:&quot;classic&quot;}\">\n\t\t\t<div class=\"elementor-widget-wrap elementor-element-populated\">\n\t\t\t\t\t\t<div class=\"elementor-element elementor-element-6c15d06 elementor-position-top elementor-widget elementor-widget-image-box\" data-id=\"6c15d06\" data-element_type=\"widget\" data-e-type=\"widget\" data-widget_type=\"image-box.default\">\n\t\t\t\t<div class=\"elementor-widget-container\">\n\t\t\t\t\t<div class=\"elementor-image-box-wrapper\"><figure class=\"elementor-image-box-img\"><a href=\"https:\/\/www.pe-art.com\/wp_pe-art_2018\/grafik-design\/web-design\/\" tabindex=\"-1\"><img decoding=\"async\" width=\"425\" height=\"425\" src=\"https:\/\/pe-art.com\/wp-content\/uploads\/2018\/03\/Web_pictos_web.png\" class=\"elementor-animation-grow attachment-full size-full wp-image-2023\" alt=\"\" srcset=\"https:\/\/pe-art.com\/wp-content\/uploads\/2018\/03\/Web_pictos_web.png 425w, https:\/\/pe-art.com\/wp-content\/uploads\/2018\/03\/Web_pictos_web-300x300.png 300w, https:\/\/pe-art.com\/wp-content\/uploads\/2018\/03\/Web_pictos_web-100x100.png 100w, https:\/\/pe-art.com\/wp-content\/uploads\/2018\/03\/Web_pictos_web-150x150.png 150w\" sizes=\"(max-width: 425px) 100vw, 425px\" \/><\/a><\/figure><div class=\"elementor-image-box-content\"><h4 class=\"elementor-image-box-title\"><a href=\"https:\/\/www.pe-art.com\/wp_pe-art_2018\/grafik-design\/web-design\/\">sites web<\/a><\/h4><p class=\"elementor-image-box-description\">De nos jours, le web est une n\u00e9cessit\u00e9 et comment acc\u00e9der le plus rapidement possible aux informations n\u00e9cessaires ? Un site web bien con\u00e7u et bien structur\u00e9 est donc un outil important pour une entreprise qui veut transmettre rapidement les informations n\u00e9cessaires \u00e0 ses clients.<\/p><\/div><\/div>\t\t\t\t<\/div>\n\t\t\t\t<\/div>\n\t\t\t\t\t<\/div>\n\t\t<\/div>\n\t\t\t\t\t<\/div>\n\t\t<\/section>\n\t\t\t\t<section class=\"elementor-section elementor-inner-section elementor-element elementor-element-0824919 elementor-section-boxed elementor-section-height-default elementor-section-height-default\" data-id=\"0824919\" data-element_type=\"section\" data-e-type=\"section\">\n\t\t\t\t\t\t<div class=\"elementor-container elementor-column-gap-default\">\n\t\t\t\t\t<div class=\"elementor-column elementor-col-33 elementor-inner-column elementor-element elementor-element-c078821\" data-id=\"c078821\" data-element_type=\"column\" data-e-type=\"column\" data-settings=\"{&quot;background_background&quot;:&quot;classic&quot;}\">\n\t\t\t<div class=\"elementor-widget-wrap elementor-element-populated\">\n\t\t\t\t\t\t<div class=\"elementor-element elementor-element-80931fa elementor-position-top elementor-widget elementor-widget-image-box\" data-id=\"80931fa\" data-element_type=\"widget\" data-e-type=\"widget\" data-widget_type=\"image-box.default\">\n\t\t\t\t<div class=\"elementor-widget-container\">\n\t\t\t\t\t<div class=\"elementor-image-box-wrapper\"><figure class=\"elementor-image-box-img\"><a href=\"https:\/\/www.pe-art.com\/wp_pe-art_2018\/grafik-design\/fotoretuschen\/\" tabindex=\"-1\"><img loading=\"lazy\" decoding=\"async\" width=\"425\" height=\"425\" src=\"https:\/\/pe-art.com\/wp-content\/uploads\/2018\/03\/Web_pictos_photos.png\" class=\"elementor-animation-grow attachment-full size-full wp-image-2022\" alt=\"\" srcset=\"https:\/\/pe-art.com\/wp-content\/uploads\/2018\/03\/Web_pictos_photos.png 425w, https:\/\/pe-art.com\/wp-content\/uploads\/2018\/03\/Web_pictos_photos-300x300.png 300w, https:\/\/pe-art.com\/wp-content\/uploads\/2018\/03\/Web_pictos_photos-100x100.png 100w, https:\/\/pe-art.com\/wp-content\/uploads\/2018\/03\/Web_pictos_photos-150x150.png 150w\" sizes=\"(max-width: 425px) 100vw, 425px\" \/><\/a><\/figure><div class=\"elementor-image-box-content\"><h4 class=\"elementor-image-box-title\"><a href=\"https:\/\/www.pe-art.com\/wp_pe-art_2018\/grafik-design\/fotoretuschen\/\">Retouches photo<\/a><\/h4><p class=\"elementor-image-box-description\">Les photos ne sont pas toujours parfaites d\u00e8s le d\u00e9part et n\u00e9cessitent une petite retouche, il y a quelque chose sur l'image qui n'a pas vraiment sa place, l'image est trop sombre ou on a besoin d'un montage de diff\u00e9rentes images.<\/p><\/div><\/div>\t\t\t\t<\/div>\n\t\t\t\t<\/div>\n\t\t\t\t\t<\/div>\n\t\t<\/div>\n\t\t\t\t<div class=\"elementor-column elementor-col-33 elementor-inner-column elementor-element elementor-element-cb8ca42\" data-id=\"cb8ca42\" data-element_type=\"column\" data-e-type=\"column\" data-settings=\"{&quot;background_background&quot;:&quot;classic&quot;}\">\n\t\t\t<div class=\"elementor-widget-wrap elementor-element-populated\">\n\t\t\t\t\t\t<div class=\"elementor-element elementor-element-1285abe elementor-position-top elementor-widget elementor-widget-image-box\" data-id=\"1285abe\" data-element_type=\"widget\" data-e-type=\"widget\" data-widget_type=\"image-box.default\">\n\t\t\t\t<div class=\"elementor-widget-container\">\n\t\t\t\t\t<div class=\"elementor-image-box-wrapper\"><figure class=\"elementor-image-box-img\"><a href=\"https:\/\/www.pe-art.com\/wp_pe-art_2018\/grafik-design\/illustrationen\/\" tabindex=\"-1\"><img loading=\"lazy\" decoding=\"async\" width=\"425\" height=\"425\" src=\"https:\/\/pe-art.com\/wp-content\/uploads\/2018\/03\/Web_pictos_illustration.png\" class=\"elementor-animation-grow attachment-full size-full wp-image-2021\" alt=\"\" srcset=\"https:\/\/pe-art.com\/wp-content\/uploads\/2018\/03\/Web_pictos_illustration.png 425w, https:\/\/pe-art.com\/wp-content\/uploads\/2018\/03\/Web_pictos_illustration-300x300.png 300w, https:\/\/pe-art.com\/wp-content\/uploads\/2018\/03\/Web_pictos_illustration-100x100.png 100w, https:\/\/pe-art.com\/wp-content\/uploads\/2018\/03\/Web_pictos_illustration-150x150.png 150w\" sizes=\"(max-width: 425px) 100vw, 425px\" \/><\/a><\/figure><div class=\"elementor-image-box-content\"><h4 class=\"elementor-image-box-title\"><a href=\"https:\/\/www.pe-art.com\/wp_pe-art_2018\/grafik-design\/illustrationen\/\">Les illustrations<\/a><\/h4><p class=\"elementor-image-box-description\">Qu'il s'agisse de pictogrammes pour des sites web, de signal\u00e9tique routi\u00e8re, d'illustrations pour l'enseignement scolaire, de journaux, de livres, de cartes pour indiquer le chemin \u00e0 suivre ou de manuels d'utilisation ou de construction, tous ces \u00e9l\u00e9ments jouent un r\u00f4le important.<\/p><\/div><\/div>\t\t\t\t<\/div>\n\t\t\t\t<\/div>\n\t\t\t\t\t<\/div>\n\t\t<\/div>\n\t\t\t\t<div class=\"elementor-column elementor-col-33 elementor-inner-column elementor-element elementor-element-5403f3e\" data-id=\"5403f3e\" data-element_type=\"column\" data-e-type=\"column\" data-settings=\"{&quot;background_background&quot;:&quot;classic&quot;}\">\n\t\t\t<div class=\"elementor-widget-wrap elementor-element-populated\">\n\t\t\t\t\t\t<div class=\"elementor-element elementor-element-483520d elementor-position-top elementor-widget elementor-widget-image-box\" data-id=\"483520d\" data-element_type=\"widget\" data-e-type=\"widget\" data-widget_type=\"image-box.default\">\n\t\t\t\t<div class=\"elementor-widget-container\">\n\t\t\t\t\t<div class=\"elementor-image-box-wrapper\"><figure class=\"elementor-image-box-img\"><a href=\"https:\/\/www.pe-art.com\/wp_pe-art_2018\/grafik-design\/diverses\/\" tabindex=\"-1\"><img loading=\"lazy\" decoding=\"async\" width=\"425\" height=\"425\" src=\"https:\/\/pe-art.com\/wp-content\/uploads\/2018\/03\/Web_pictos_divers.png\" class=\"elementor-animation-grow attachment-full size-full wp-image-2019\" alt=\"\" srcset=\"https:\/\/pe-art.com\/wp-content\/uploads\/2018\/03\/Web_pictos_divers.png 425w, https:\/\/pe-art.com\/wp-content\/uploads\/2018\/03\/Web_pictos_divers-300x300.png 300w, https:\/\/pe-art.com\/wp-content\/uploads\/2018\/03\/Web_pictos_divers-100x100.png 100w, https:\/\/pe-art.com\/wp-content\/uploads\/2018\/03\/Web_pictos_divers-150x150.png 150w\" sizes=\"(max-width: 425px) 100vw, 425px\" \/><\/a><\/figure><div class=\"elementor-image-box-content\"><h4 class=\"elementor-image-box-title\"><a href=\"https:\/\/www.pe-art.com\/wp_pe-art_2018\/grafik-design\/diverses\/\">Divers<\/a><\/h4><p class=\"elementor-image-box-description\">Outre les proc\u00e9d\u00e9s d'impression standard, il existe de nombreuses autres m\u00e9thodes pour pr\u00e9senter son entreprise, comme les inscriptions sur les vitrines et les voitures, les expositions sur les salons, les effets 3D, les objets de pr\u00e9sentation, les certificats, les badges, etc. <\/p><\/div><\/div>\t\t\t\t<\/div>\n\t\t\t\t<\/div>\n\t\t\t\t\t<\/div>\n\t\t<\/div>\n\t\t\t\t\t<\/div>\n\t\t<\/section>\n\t\t\t\t<section class=\"elementor-section elementor-inner-section elementor-element elementor-element-ae54e4b elementor-section-boxed elementor-section-height-default elementor-section-height-default\" data-id=\"ae54e4b\" data-element_type=\"section\" data-e-type=\"section\">\n\t\t\t\t\t\t<div class=\"elementor-container elementor-column-gap-default\">\n\t\t\t\t\t<div class=\"elementor-column elementor-col-100 elementor-inner-column elementor-element elementor-element-bc0823d\" data-id=\"bc0823d\" data-element_type=\"column\" data-e-type=\"column\" data-settings=\"{&quot;background_background&quot;:&quot;classic&quot;}\">\n\t\t\t<div class=\"elementor-widget-wrap elementor-element-populated\">\n\t\t\t\t\t\t<div class=\"elementor-element elementor-element-b41d480 elementor-widget elementor-widget-heading\" data-id=\"b41d480\" data-element_type=\"widget\" data-e-type=\"widget\" data-widget_type=\"heading.default\">\n\t\t\t\t<div class=\"elementor-widget-container\">\n\t\t\t\t\t<h3 class=\"elementor-heading-title elementor-size-default\">Maintenance et s\u00e9curit\u00e9<\/h3>\t\t\t\t<\/div>\n\t\t\t\t<\/div>\n\t\t\t\t<div class=\"elementor-element elementor-element-aa024d9 elementor-widget elementor-widget-text-editor\" data-id=\"aa024d9\" data-element_type=\"widget\" data-e-type=\"widget\" data-widget_type=\"text-editor.default\">\n\t\t\t\t<div class=\"elementor-widget-container\">\n\t\t\t\t\t\t\t\t\t<p>Je m&rsquo;efforce toujours de vous offrir un service optimal.<br \/>Afin de pouvoir garantir une s\u00e9curit\u00e9 \u00e9lev\u00e9e, nous avons \u00e9labor\u00e9 un nouveau paquet de services pour vous.<\/p>\t\t\t\t\t\t\t\t<\/div>\n\t\t\t\t<\/div>\n\t\t\t\t<div class=\"elementor-element elementor-element-c37cdcc elementor-widget elementor-widget-heading\" data-id=\"c37cdcc\" data-element_type=\"widget\" data-e-type=\"widget\" data-widget_type=\"heading.default\">\n\t\t\t\t<div class=\"elementor-widget-container\">\n\t\t\t\t\t<h3 class=\"elementor-heading-title elementor-size-default\">Service paque\u200b<\/h3>\t\t\t\t<\/div>\n\t\t\t\t<\/div>\n\t\t\t\t<div class=\"elementor-element elementor-element-d0de418 elementor-widget elementor-widget-text-editor\" data-id=\"d0de418\" data-element_type=\"widget\" data-e-type=\"widget\" data-widget_type=\"text-editor.default\">\n\t\t\t\t<div class=\"elementor-widget-container\">\n\t\t\t\t\t\t\t\t\t<p><span style=\"color: #ffffff;\">Le paquet est facture annuellement du 1.1 au 31.12.<\/span><\/p>\t\t\t\t\t\t\t\t<\/div>\n\t\t\t\t<\/div>\n\t\t\t\t\t<\/div>\n\t\t<\/div>\n\t\t\t\t\t<\/div>\n\t\t<\/section>\n\t\t\t\t\t<\/div>\n\t\t<\/div>\n\t\t\t\t\t<\/div>\n\t\t<\/section>\n\t\t\t\t<\/div>\n\t\t","protected":false},"excerpt":{"rendered":"<p>Services Conception graphique Corporate Design L&rsquo;impression g\u00e9n\u00e9rale d&rsquo;une entreprise, que ce soit vers l&rsquo;ext\u00e9rieur ou vers l&rsquo;int\u00e9rieur, est influenc\u00e9e par diff\u00e9rents facteurs. Le logo, le choix des couleurs et des images ainsi que les diff\u00e9rents \u00e9l\u00e9ments graphiques qui marquent et expriment la philosophie de l&rsquo;entreprise. M\u00e9dias d&rsquo;impression Les sources d&rsquo;information telles que les cartes de [&hellip;]<\/p>\n","protected":false},"author":1,"featured_media":0,"parent":0,"menu_order":2,"comment_status":"closed","ping_status":"closed","template":"","meta":{"footnotes":""},"class_list":["post-2440","page","type-page","status-publish","hentry"],"jetpack_sharing_enabled":true,"_links":{"self":[{"href":"https:\/\/pe-art.com\/fr\/wp-json\/wp\/v2\/pages\/2440","targetHints":{"allow":["GET"]}}],"collection":[{"href":"https:\/\/pe-art.com\/fr\/wp-json\/wp\/v2\/pages"}],"about":[{"href":"https:\/\/pe-art.com\/fr\/wp-json\/wp\/v2\/types\/page"}],"author":[{"embeddable":true,"href":"https:\/\/pe-art.com\/fr\/wp-json\/wp\/v2\/users\/1"}],"replies":[{"embeddable":true,"href":"https:\/\/pe-art.com\/fr\/wp-json\/wp\/v2\/comments?post=2440"}],"version-history":[{"count":10,"href":"https:\/\/pe-art.com\/fr\/wp-json\/wp\/v2\/pages\/2440\/revisions"}],"predecessor-version":[{"id":5128,"href":"https:\/\/pe-art.com\/fr\/wp-json\/wp\/v2\/pages\/2440\/revisions\/5128"}],"wp:attachment":[{"href":"https:\/\/pe-art.com\/fr\/wp-json\/wp\/v2\/media?parent=2440"}],"curies":[{"name":"wp","href":"https:\/\/api.w.org\/{rel}","templated":true}]}}