{"id":2428,"date":"2018-03-11T21:26:05","date_gmt":"2018-03-11T20:26:05","guid":{"rendered":"https:\/\/pe-art.com\/?page_id=2428"},"modified":"2024-09-30T23:22:46","modified_gmt":"2024-09-30T21:22:46","slug":"art","status":"publish","type":"page","link":"https:\/\/pe-art.com\/fr\/art\/","title":{"rendered":"Art"},"content":{"rendered":"\t\t<div data-elementor-type=\"wp-post\" data-elementor-id=\"2428\" class=\"elementor elementor-2428 elementor-1032\" data-elementor-post-type=\"page\">\n\t\t\t\t\t\t<section class=\"elementor-section elementor-top-section elementor-element elementor-element-35478bbe elementor-section-height-min-height elementor-section-content-middle elementor-section-boxed elementor-section-height-default elementor-section-items-middle elementor-invisible\" data-id=\"35478bbe\" data-element_type=\"section\" data-e-type=\"section\" data-settings=\"{&quot;background_background&quot;:&quot;video&quot;,&quot;animation&quot;:&quot;fadeIn&quot;}\">\n\t\t\t\t\t\t\t<div class=\"elementor-background-overlay\"><\/div>\n\t\t\t\t\t\t\t<div class=\"elementor-container elementor-column-gap-default\">\n\t\t\t\t\t<div class=\"elementor-column elementor-col-33 elementor-top-column elementor-element elementor-element-7274477f\" data-id=\"7274477f\" data-element_type=\"column\" data-e-type=\"column\">\n\t\t\t<div class=\"elementor-widget-wrap\">\n\t\t\t\t\t\t\t<\/div>\n\t\t<\/div>\n\t\t\t\t<div class=\"elementor-column elementor-col-33 elementor-top-column elementor-element elementor-element-2ea6cb95\" data-id=\"2ea6cb95\" data-element_type=\"column\" data-e-type=\"column\" data-settings=\"{&quot;background_background&quot;:&quot;classic&quot;}\">\n\t\t\t<div class=\"elementor-widget-wrap elementor-element-populated\">\n\t\t\t\t\t\t<div class=\"elementor-element elementor-element-4fb19091 elementor-widget elementor-widget-heading\" data-id=\"4fb19091\" data-element_type=\"widget\" data-e-type=\"widget\" data-widget_type=\"heading.default\">\n\t\t\t\t<div class=\"elementor-widget-container\">\n\t\t\t\t\t<h2 class=\"elementor-heading-title elementor-size-default\">Art<\/h2>\t\t\t\t<\/div>\n\t\t\t\t<\/div>\n\t\t\t\t<div class=\"elementor-element elementor-element-486d1bf5 elementor-widget-divider--view-line elementor-widget elementor-widget-divider\" data-id=\"486d1bf5\" data-element_type=\"widget\" data-e-type=\"widget\" data-widget_type=\"divider.default\">\n\t\t\t\t<div class=\"elementor-widget-container\">\n\t\t\t\t\t\t\t<div class=\"elementor-divider\">\n\t\t\t<span class=\"elementor-divider-separator\">\n\t\t\t\t\t\t<\/span>\n\t\t<\/div>\n\t\t\t\t\t\t<\/div>\n\t\t\t\t<\/div>\n\t\t\t\t<div class=\"elementor-element elementor-element-462efeb2 elementor-widget elementor-widget-text-editor\" data-id=\"462efeb2\" data-element_type=\"widget\" data-e-type=\"widget\" data-widget_type=\"text-editor.default\">\n\t\t\t\t<div class=\"elementor-widget-container\">\n\t\t\t\t\t\t\t\t\t<p>Les \u0153uvres de Petra Kobler contiennent une multitude de variations color\u00e9es et ludiques qui oscillent avec d\u00e9licatesse.<br \/>Toutes les facettes du sport et du mouvement se retrouvent dans les \u0153uvres de Petra Kobler.<\/p><p>Vous trouverez d&rsquo;autres images sous les diff\u00e9rents th\u00e8mes.<\/p>\t\t\t\t\t\t\t\t<\/div>\n\t\t\t\t<\/div>\n\t\t\t\t\t<\/div>\n\t\t<\/div>\n\t\t\t\t<div class=\"elementor-column elementor-col-33 elementor-top-column elementor-element elementor-element-65062c2c\" data-id=\"65062c2c\" data-element_type=\"column\" data-e-type=\"column\">\n\t\t\t<div class=\"elementor-widget-wrap\">\n\t\t\t\t\t\t\t<\/div>\n\t\t<\/div>\n\t\t\t\t\t<\/div>\n\t\t<\/section>\n\t\t\t\t<section class=\"elementor-section elementor-top-section elementor-element elementor-element-452a8807 elementor-section-boxed elementor-section-height-default elementor-section-height-default elementor-invisible\" data-id=\"452a8807\" data-element_type=\"section\" data-e-type=\"section\" data-settings=\"{&quot;animation&quot;:&quot;fadeInUp&quot;}\">\n\t\t\t\t\t\t<div class=\"elementor-container elementor-column-gap-default\">\n\t\t\t\t\t<div class=\"elementor-column elementor-col-100 elementor-top-column elementor-element elementor-element-5edc6dd7\" data-id=\"5edc6dd7\" data-element_type=\"column\" data-e-type=\"column\">\n\t\t\t<div class=\"elementor-widget-wrap elementor-element-populated\">\n\t\t\t\t\t\t<div class=\"elementor-element elementor-element-5701bc26 elementor-grid-4 elementor-grid-tablet-2 elementor-grid-mobile-1 elementor-widget elementor-widget-portfolio\" data-id=\"5701bc26\" data-element_type=\"widget\" data-e-type=\"widget\" data-settings=\"{&quot;item_ratio&quot;:{&quot;unit&quot;:&quot;px&quot;,&quot;size&quot;:1,&quot;sizes&quot;:[]},&quot;item_gap&quot;:{&quot;unit&quot;:&quot;px&quot;,&quot;size&quot;:0,&quot;sizes&quot;:[]},&quot;columns&quot;:&quot;4&quot;,&quot;columns_tablet&quot;:&quot;2&quot;,&quot;columns_mobile&quot;:&quot;1&quot;,&quot;row_gap&quot;:{&quot;unit&quot;:&quot;px&quot;,&quot;size&quot;:&quot;&quot;,&quot;sizes&quot;:[]}}\" data-widget_type=\"portfolio.default\">\n\t\t\t\t<div class=\"elementor-widget-container\">\n\t\t\t\t\t\t\t<div class=\"elementor-portfolio elementor-grid elementor-posts-container\" role=\"list\">\n\t\t\t\t<article class=\"elementor-portfolio-item elementor-post  post-4220 page type-page status-publish has-post-thumbnail hentry\" role=\"listitem\">\n\t\t\t<a class=\"elementor-post__thumbnail__link\" href=\"https:\/\/pe-art.com\/fr\/art\/divers\/\">\n\t\t\t\t<div class=\"elementor-portfolio-item__img elementor-post__thumbnail\">\n\t\t\t<img fetchpriority=\"high\" decoding=\"async\" width=\"300\" height=\"293\" src=\"https:\/\/pe-art.com\/wp-content\/uploads\/2024\/09\/Schuh_taichiquan-300x293.png\" class=\"attachment-medium size-medium wp-image-4213\" alt=\"\" srcset=\"https:\/\/pe-art.com\/wp-content\/uploads\/2024\/09\/Schuh_taichiquan-300x293.png 300w, https:\/\/pe-art.com\/wp-content\/uploads\/2024\/09\/Schuh_taichiquan-600x586.png 600w, https:\/\/pe-art.com\/wp-content\/uploads\/2024\/09\/Schuh_taichiquan-768x750.png 768w, https:\/\/pe-art.com\/wp-content\/uploads\/2024\/09\/Schuh_taichiquan.png 1000w\" sizes=\"(max-width: 300px) 100vw, 300px\" \/>\t\t<\/div>\n\t\t\t\t<div class=\"elementor-portfolio-item__overlay\">\n\t\t\t\t<h4 class=\"elementor-portfolio-item__title\">\n\t\tDivers\t\t<\/h4>\n\t\t\t\t<\/div>\n\t\t\t\t<\/a>\n\t\t<\/article>\n\t\t\t\t<article class=\"elementor-portfolio-item elementor-post  post-4201 page type-page status-publish has-post-thumbnail hentry\" role=\"listitem\">\n\t\t\t<a class=\"elementor-post__thumbnail__link\" href=\"https:\/\/pe-art.com\/fr\/art\/toile-de-lanniversaire\/\">\n\t\t\t\t<div class=\"elementor-portfolio-item__img elementor-post__thumbnail\">\n\t\t\t<img decoding=\"async\" width=\"300\" height=\"300\" src=\"https:\/\/pe-art.com\/wp-content\/uploads\/2024\/09\/move-and-win_1-300x300.jpg\" class=\"attachment-medium size-medium wp-image-4193\" alt=\"\" srcset=\"https:\/\/pe-art.com\/wp-content\/uploads\/2024\/09\/move-and-win_1-300x300.jpg 300w, https:\/\/pe-art.com\/wp-content\/uploads\/2024\/09\/move-and-win_1-100x100.jpg 100w, https:\/\/pe-art.com\/wp-content\/uploads\/2024\/09\/move-and-win_1-600x599.jpg 600w, https:\/\/pe-art.com\/wp-content\/uploads\/2024\/09\/move-and-win_1-1024x1024.jpg 1024w, https:\/\/pe-art.com\/wp-content\/uploads\/2024\/09\/move-and-win_1-150x150.jpg 150w, https:\/\/pe-art.com\/wp-content\/uploads\/2024\/09\/move-and-win_1-768x767.jpg 768w, https:\/\/pe-art.com\/wp-content\/uploads\/2024\/09\/move-and-win_1-1536x1536.jpg 1536w, https:\/\/pe-art.com\/wp-content\/uploads\/2024\/09\/move-and-win_1-2048x2046.jpg 2048w\" sizes=\"(max-width: 300px) 100vw, 300px\" \/>\t\t<\/div>\n\t\t\t\t<div class=\"elementor-portfolio-item__overlay\">\n\t\t\t\t<h4 class=\"elementor-portfolio-item__title\">\n\t\tToile de l&rsquo;anniversaire\t\t<\/h4>\n\t\t\t\t<\/div>\n\t\t\t\t<\/a>\n\t\t<\/article>\n\t\t\t\t<article class=\"elementor-portfolio-item elementor-post  post-2464 page type-page status-publish has-post-thumbnail hentry\" role=\"listitem\">\n\t\t\t<a class=\"elementor-post__thumbnail__link\" href=\"https:\/\/pe-art.com\/fr\/art\/dynamique\/\">\n\t\t\t\t<div class=\"elementor-portfolio-item__img elementor-post__thumbnail\">\n\t\t\t<img decoding=\"async\" width=\"295\" height=\"300\" src=\"https:\/\/pe-art.com\/wp-content\/uploads\/2018\/03\/CIMG6106-295x300.jpg\" class=\"attachment-medium size-medium wp-image-2028\" alt=\"\" srcset=\"https:\/\/pe-art.com\/wp-content\/uploads\/2018\/03\/CIMG6106-295x300.jpg 295w, https:\/\/pe-art.com\/wp-content\/uploads\/2018\/03\/CIMG6106.jpg 500w\" sizes=\"(max-width: 295px) 100vw, 295px\" \/>\t\t<\/div>\n\t\t\t\t<div class=\"elementor-portfolio-item__overlay\">\n\t\t\t\t<h4 class=\"elementor-portfolio-item__title\">\n\t\tDynamique\t\t<\/h4>\n\t\t\t\t<\/div>\n\t\t\t\t<\/a>\n\t\t<\/article>\n\t\t\t\t<article class=\"elementor-portfolio-item elementor-post  post-2462 page type-page status-publish has-post-thumbnail hentry\" role=\"listitem\">\n\t\t\t<a class=\"elementor-post__thumbnail__link\" href=\"https:\/\/pe-art.com\/fr\/art\/nature\/\">\n\t\t\t\t<div class=\"elementor-portfolio-item__img elementor-post__thumbnail\">\n\t\t\t<img loading=\"lazy\" decoding=\"async\" width=\"300\" height=\"300\" src=\"https:\/\/pe-art.com\/wp-content\/uploads\/2018\/03\/CIMG5862-300x300.jpg\" class=\"attachment-medium size-medium wp-image-2029\" alt=\"\" srcset=\"https:\/\/pe-art.com\/wp-content\/uploads\/2018\/03\/CIMG5862-300x300.jpg 300w, https:\/\/pe-art.com\/wp-content\/uploads\/2018\/03\/CIMG5862-100x100.jpg 100w, https:\/\/pe-art.com\/wp-content\/uploads\/2018\/03\/CIMG5862-150x150.jpg 150w, https:\/\/pe-art.com\/wp-content\/uploads\/2018\/03\/CIMG5862.jpg 500w\" sizes=\"(max-width: 300px) 100vw, 300px\" \/>\t\t<\/div>\n\t\t\t\t<div class=\"elementor-portfolio-item__overlay\">\n\t\t\t\t<h4 class=\"elementor-portfolio-item__title\">\n\t\tNature\t\t<\/h4>\n\t\t\t\t<\/div>\n\t\t\t\t<\/a>\n\t\t<\/article>\n\t\t\t\t<article class=\"elementor-portfolio-item elementor-post  post-2460 page type-page status-publish has-post-thumbnail hentry\" role=\"listitem\">\n\t\t\t<a class=\"elementor-post__thumbnail__link\" href=\"https:\/\/pe-art.com\/fr\/art\/personnes\/\">\n\t\t\t\t<div class=\"elementor-portfolio-item__img elementor-post__thumbnail\">\n\t\t\t<img loading=\"lazy\" decoding=\"async\" width=\"223\" height=\"300\" src=\"https:\/\/pe-art.com\/wp-content\/uploads\/2018\/03\/Kunst_menschen_17-223x300.jpg\" class=\"attachment-medium size-medium wp-image-2030\" alt=\"\" srcset=\"https:\/\/pe-art.com\/wp-content\/uploads\/2018\/03\/Kunst_menschen_17-223x300.jpg 223w, https:\/\/pe-art.com\/wp-content\/uploads\/2018\/03\/Kunst_menschen_17.jpg 493w\" sizes=\"(max-width: 223px) 100vw, 223px\" \/>\t\t<\/div>\n\t\t\t\t<div class=\"elementor-portfolio-item__overlay\">\n\t\t\t\t<h4 class=\"elementor-portfolio-item__title\">\n\t\tPersonnes\t\t<\/h4>\n\t\t\t\t<\/div>\n\t\t\t\t<\/a>\n\t\t<\/article>\n\t\t\t\t<article class=\"elementor-portfolio-item elementor-post  post-2458 page type-page status-publish has-post-thumbnail hentry\" role=\"listitem\">\n\t\t\t<a class=\"elementor-post__thumbnail__link\" href=\"https:\/\/pe-art.com\/fr\/art\/objet\/\">\n\t\t\t\t<div class=\"elementor-portfolio-item__img elementor-post__thumbnail\">\n\t\t\t<img loading=\"lazy\" decoding=\"async\" width=\"300\" height=\"218\" src=\"https:\/\/pe-art.com\/wp-content\/uploads\/2018\/03\/Kunst_gegenstand_3-300x218.png\" class=\"attachment-medium size-medium wp-image-2031\" alt=\"\" srcset=\"https:\/\/pe-art.com\/wp-content\/uploads\/2018\/03\/Kunst_gegenstand_3-300x218.png 300w, https:\/\/pe-art.com\/wp-content\/uploads\/2018\/03\/Kunst_gegenstand_3-600x435.png 600w, https:\/\/pe-art.com\/wp-content\/uploads\/2018\/03\/Kunst_gegenstand_3.png 609w\" sizes=\"(max-width: 300px) 100vw, 300px\" \/>\t\t<\/div>\n\t\t\t\t<div class=\"elementor-portfolio-item__overlay\">\n\t\t\t\t<h4 class=\"elementor-portfolio-item__title\">\n\t\tObjet\t\t<\/h4>\n\t\t\t\t<\/div>\n\t\t\t\t<\/a>\n\t\t<\/article>\n\t\t\t\t<article class=\"elementor-portfolio-item elementor-post  post-2456 page type-page status-publish has-post-thumbnail hentry\" role=\"listitem\">\n\t\t\t<a class=\"elementor-post__thumbnail__link\" href=\"https:\/\/pe-art.com\/fr\/art\/sport\/\">\n\t\t\t\t<div class=\"elementor-portfolio-item__img elementor-post__thumbnail\">\n\t\t\t<img loading=\"lazy\" decoding=\"async\" width=\"300\" height=\"298\" src=\"https:\/\/pe-art.com\/wp-content\/uploads\/2018\/03\/Bild-Box_1-300x298.png\" class=\"attachment-medium size-medium wp-image-2032\" alt=\"\" srcset=\"https:\/\/pe-art.com\/wp-content\/uploads\/2018\/03\/Bild-Box_1-300x298.png 300w, https:\/\/pe-art.com\/wp-content\/uploads\/2018\/03\/Bild-Box_1-100x100.png 100w, https:\/\/pe-art.com\/wp-content\/uploads\/2018\/03\/Bild-Box_1-600x597.png 600w, https:\/\/pe-art.com\/wp-content\/uploads\/2018\/03\/Bild-Box_1-150x150.png 150w, https:\/\/pe-art.com\/wp-content\/uploads\/2018\/03\/Bild-Box_1-768x764.png 768w, https:\/\/pe-art.com\/wp-content\/uploads\/2018\/03\/Bild-Box_1-1024x1019.png 1024w, https:\/\/pe-art.com\/wp-content\/uploads\/2018\/03\/Bild-Box_1.png 1500w\" sizes=\"(max-width: 300px) 100vw, 300px\" \/>\t\t<\/div>\n\t\t\t\t<div class=\"elementor-portfolio-item__overlay\">\n\t\t\t\t<h4 class=\"elementor-portfolio-item__title\">\n\t\tSport\t\t<\/h4>\n\t\t\t\t<\/div>\n\t\t\t\t<\/a>\n\t\t<\/article>\n\t\t\t\t<article class=\"elementor-portfolio-item elementor-post  post-2454 page type-page status-publish has-post-thumbnail hentry\" role=\"listitem\">\n\t\t\t<a class=\"elementor-post__thumbnail__link\" href=\"https:\/\/pe-art.com\/fr\/art\/abstrait\/\">\n\t\t\t\t<div class=\"elementor-portfolio-item__img elementor-post__thumbnail\">\n\t\t\t<img loading=\"lazy\" decoding=\"async\" width=\"300\" height=\"292\" src=\"https:\/\/pe-art.com\/wp-content\/uploads\/2018\/03\/Das_tier_in_mir_40x40-300x292.jpg\" class=\"attachment-medium size-medium wp-image-2033\" alt=\"\" srcset=\"https:\/\/pe-art.com\/wp-content\/uploads\/2018\/03\/Das_tier_in_mir_40x40-300x292.jpg 300w, https:\/\/pe-art.com\/wp-content\/uploads\/2018\/03\/Das_tier_in_mir_40x40.jpg 500w\" sizes=\"(max-width: 300px) 100vw, 300px\" \/>\t\t<\/div>\n\t\t\t\t<div class=\"elementor-portfolio-item__overlay\">\n\t\t\t\t<h4 class=\"elementor-portfolio-item__title\">\n\t\tAbstrait\t\t<\/h4>\n\t\t\t\t<\/div>\n\t\t\t\t<\/a>\n\t\t<\/article>\n\t\t\t\t<\/div>\n\t\t\t\t\t\t<\/div>\n\t\t\t\t<\/div>\n\t\t\t\t\t<\/div>\n\t\t<\/div>\n\t\t\t\t\t<\/div>\n\t\t<\/section>\n\t\t\t\t<\/div>\n\t\t","protected":false},"excerpt":{"rendered":"<p>Art Les \u0153uvres de Petra Kobler contiennent une multitude de variations color\u00e9es et ludiques qui oscillent avec d\u00e9licatesse.Toutes les facettes du sport et du mouvement se retrouvent dans les \u0153uvres de Petra Kobler. Vous trouverez d&rsquo;autres images sous les diff\u00e9rents th\u00e8mes.<\/p>\n","protected":false},"author":1,"featured_media":0,"parent":0,"menu_order":0,"comment_status":"closed","ping_status":"closed","template":"","meta":{"footnotes":""},"class_list":["post-2428","page","type-page","status-publish","hentry"],"jetpack_sharing_enabled":true,"_links":{"self":[{"href":"https:\/\/pe-art.com\/fr\/wp-json\/wp\/v2\/pages\/2428","targetHints":{"allow":["GET"]}}],"collection":[{"href":"https:\/\/pe-art.com\/fr\/wp-json\/wp\/v2\/pages"}],"about":[{"href":"https:\/\/pe-art.com\/fr\/wp-json\/wp\/v2\/types\/page"}],"author":[{"embeddable":true,"href":"https:\/\/pe-art.com\/fr\/wp-json\/wp\/v2\/users\/1"}],"replies":[{"embeddable":true,"href":"https:\/\/pe-art.com\/fr\/wp-json\/wp\/v2\/comments?post=2428"}],"version-history":[{"count":10,"href":"https:\/\/pe-art.com\/fr\/wp-json\/wp\/v2\/pages\/2428\/revisions"}],"predecessor-version":[{"id":4238,"href":"https:\/\/pe-art.com\/fr\/wp-json\/wp\/v2\/pages\/2428\/revisions\/4238"}],"wp:attachment":[{"href":"https:\/\/pe-art.com\/fr\/wp-json\/wp\/v2\/media?parent=2428"}],"curies":[{"name":"wp","href":"https:\/\/api.w.org\/{rel}","templated":true}]}}