{"id":2406,"date":"2022-06-29T23:29:44","date_gmt":"2022-06-29T21:29:44","guid":{"rendered":"https:\/\/pe-art.com\/?page_id=2406"},"modified":"2025-05-02T14:53:40","modified_gmt":"2025-05-02T12:53:40","slug":"service-paquet","status":"publish","type":"page","link":"https:\/\/pe-art.com\/fr\/grafik-design-fr\/web-design\/service-paquet\/","title":{"rendered":"Service paquet"},"content":{"rendered":"\t\t<div data-elementor-type=\"wp-page\" data-elementor-id=\"2406\" class=\"elementor elementor-2406 elementor-2355\" data-elementor-post-type=\"page\">\n\t\t\t\t\t\t<section class=\"elementor-section elementor-top-section elementor-element elementor-element-eb76dd9 elementor-section-full_width elementor-section-height-default elementor-section-height-default\" data-id=\"eb76dd9\" data-element_type=\"section\" data-e-type=\"section\" data-settings=\"{&quot;background_background&quot;:&quot;classic&quot;}\">\n\t\t\t\t\t\t<div class=\"elementor-container elementor-column-gap-no\">\n\t\t\t\t\t<div class=\"elementor-column elementor-col-100 elementor-top-column elementor-element elementor-element-6f27dba\" data-id=\"6f27dba\" data-element_type=\"column\" data-e-type=\"column\">\n\t\t\t<div class=\"elementor-widget-wrap elementor-element-populated\">\n\t\t\t\t\t\t<section class=\"elementor-section elementor-inner-section elementor-element elementor-element-21af7cc elementor-section-boxed elementor-section-height-default elementor-section-height-default\" data-id=\"21af7cc\" data-element_type=\"section\" data-e-type=\"section\">\n\t\t\t\t\t\t<div class=\"elementor-container elementor-column-gap-default\">\n\t\t\t\t\t<div class=\"elementor-column elementor-col-100 elementor-inner-column elementor-element elementor-element-f6c4eae\" data-id=\"f6c4eae\" data-element_type=\"column\" data-e-type=\"column\" data-settings=\"{&quot;background_background&quot;:&quot;classic&quot;}\">\n\t\t\t<div class=\"elementor-widget-wrap elementor-element-populated\">\n\t\t\t\t\t\t<div class=\"elementor-element elementor-element-59f5b5f elementor-widget elementor-widget-heading\" data-id=\"59f5b5f\" data-element_type=\"widget\" data-e-type=\"widget\" data-widget_type=\"heading.default\">\n\t\t\t\t<div class=\"elementor-widget-container\">\n\t\t\t\t\t<h3 class=\"elementor-heading-title elementor-size-default\">Maintenance et s\u00e9curit\u00e9<\/h3>\t\t\t\t<\/div>\n\t\t\t\t<\/div>\n\t\t\t\t<div class=\"elementor-element elementor-element-da7d355 elementor-widget elementor-widget-text-editor\" data-id=\"da7d355\" data-element_type=\"widget\" data-e-type=\"widget\" data-widget_type=\"text-editor.default\">\n\t\t\t\t<div class=\"elementor-widget-container\">\n\t\t\t\t\t\t\t\t\t<p>Je m&rsquo;efforce toujours de vous offrir un service optimal.<br \/>Afin de pouvoir garantir une s\u00e9curit\u00e9 \u00e9lev\u00e9e, nous avons \u00e9labor\u00e9 un nouveau paquet de services pour vous.<\/p>\t\t\t\t\t\t\t\t<\/div>\n\t\t\t\t<\/div>\n\t\t\t\t\t<\/div>\n\t\t<\/div>\n\t\t\t\t\t<\/div>\n\t\t<\/section>\n\t\t\t\t\t<\/div>\n\t\t<\/div>\n\t\t\t\t\t<\/div>\n\t\t<\/section>\n\t\t\t\t<section class=\"elementor-section elementor-top-section elementor-element elementor-element-374eeaf elementor-section-boxed elementor-section-height-default elementor-section-height-default\" data-id=\"374eeaf\" data-element_type=\"section\" data-e-type=\"section\">\n\t\t\t\t\t\t<div class=\"elementor-container elementor-column-gap-default\">\n\t\t\t\t\t<div class=\"elementor-column elementor-col-100 elementor-top-column elementor-element elementor-element-d973683\" data-id=\"d973683\" data-element_type=\"column\" data-e-type=\"column\">\n\t\t\t<div class=\"elementor-widget-wrap elementor-element-populated\">\n\t\t\t\t\t\t<div class=\"elementor-element elementor-element-f727ee3 elementor-widget elementor-widget-heading\" data-id=\"f727ee3\" data-element_type=\"widget\" data-e-type=\"widget\" data-widget_type=\"heading.default\">\n\t\t\t\t<div class=\"elementor-widget-container\">\n\t\t\t\t\t<h3 class=\"elementor-heading-title elementor-size-default\">Service paque<\/h3>\t\t\t\t<\/div>\n\t\t\t\t<\/div>\n\t\t\t\t<div class=\"elementor-element elementor-element-39643dd elementor-widget elementor-widget-text-editor\" data-id=\"39643dd\" data-element_type=\"widget\" data-e-type=\"widget\" data-widget_type=\"text-editor.default\">\n\t\t\t\t<div class=\"elementor-widget-container\">\n\t\t\t\t\t\t\t\t\t<p style=\"text-align: center;\">Le paquet est facture annuellement du 1.1 au 31.12.<\/p>\t\t\t\t\t\t\t\t<\/div>\n\t\t\t\t<\/div>\n\t\t\t\t\t<\/div>\n\t\t<\/div>\n\t\t\t\t\t<\/div>\n\t\t<\/section>\n\t\t\t\t<\/div>\n\t\t","protected":false},"excerpt":{"rendered":"<p>Maintenance et s\u00e9curit\u00e9 Je m&rsquo;efforce toujours de vous offrir un service optimal.Afin de pouvoir garantir une s\u00e9curit\u00e9 \u00e9lev\u00e9e, nous avons \u00e9labor\u00e9 un nouveau paquet de services pour vous. Service paque Le paquet est facture annuellement du 1.1 au 31.12.<\/p>\n","protected":false},"author":1,"featured_media":0,"parent":2470,"menu_order":0,"comment_status":"closed","ping_status":"closed","template":"","meta":{"footnotes":""},"class_list":["post-2406","page","type-page","status-publish","hentry"],"jetpack_sharing_enabled":true,"_links":{"self":[{"href":"https:\/\/pe-art.com\/fr\/wp-json\/wp\/v2\/pages\/2406","targetHints":{"allow":["GET"]}}],"collection":[{"href":"https:\/\/pe-art.com\/fr\/wp-json\/wp\/v2\/pages"}],"about":[{"href":"https:\/\/pe-art.com\/fr\/wp-json\/wp\/v2\/types\/page"}],"author":[{"embeddable":true,"href":"https:\/\/pe-art.com\/fr\/wp-json\/wp\/v2\/users\/1"}],"replies":[{"embeddable":true,"href":"https:\/\/pe-art.com\/fr\/wp-json\/wp\/v2\/comments?post=2406"}],"version-history":[{"count":10,"href":"https:\/\/pe-art.com\/fr\/wp-json\/wp\/v2\/pages\/2406\/revisions"}],"predecessor-version":[{"id":4656,"href":"https:\/\/pe-art.com\/fr\/wp-json\/wp\/v2\/pages\/2406\/revisions\/4656"}],"up":[{"embeddable":true,"href":"https:\/\/pe-art.com\/fr\/wp-json\/wp\/v2\/pages\/2470"}],"wp:attachment":[{"href":"https:\/\/pe-art.com\/fr\/wp-json\/wp\/v2\/media?parent=2406"}],"curies":[{"name":"wp","href":"https:\/\/api.w.org\/{rel}","templated":true}]}}